{"id":801,"date":"2024-03-20T16:34:28","date_gmt":"2024-03-20T20:34:28","guid":{"rendered":"https:\/\/vipresearchlab.ca\/?page_id=801"},"modified":"2025-01-17T13:53:00","modified_gmt":"2025-01-17T18:53:00","slug":"infographie","status":"publish","type":"page","link":"https:\/\/vipresearchlab.ca\/fr\/infographie\/","title":{"rendered":"Infographies"},"content":{"rendered":"<div id=\"cs-content\" class=\"cs-content\"><\/div>\n","protected":false},"excerpt":{"rendered":"<p>InfographiesTemporal trends in COVID-19 vaccine uptake among social housing residents compared to the general population in Ontario, Canada: a population-based panel studyCOVID 19 and Social Care Screening for Older Adults in Social Housing: A CP@clinic AdaptationLes \u00e2g\u00e9es vivant dans des logements sociaux: une population syst\u00e9matiquement vuln\u00e9rable qui doit \u00eatre trait\u00e9e en priorit\u00e9La pr\u00e9valence et pr\u00e9vention des maladies chroniques chez les &#8230; <\/p>\n<div><a href=\"https:\/\/vipresearchlab.ca\/fr\/infographie\/\" class=\"more-link\">Read More<\/a><\/div>\n","protected":false},"author":1,"featured_media":0,"parent":0,"menu_order":0,"comment_status":"closed","ping_status":"closed","template":"template-blank-4.php","meta":{"_acf_changed":false,"footnotes":""},"class_list":["post-801","page","type-page","status-publish","hentry","no-post-thumbnail"],"acf":[],"yoast_head":"<!-- This site is optimized with the Yoast SEO plugin v23.8 - https:\/\/yoast.com\/wordpress\/plugins\/seo\/ -->\n<title>Infographies - VIP Research Lab<\/title>\n<meta name=\"robots\" content=\"index, follow, max-snippet:-1, max-image-preview:large, max-video-preview:-1\" \/>\n<link rel=\"canonical\" href=\"https:\/\/vipresearchlab.ca\/fr\/infographie\/\" \/>\n<meta property=\"og:locale\" content=\"fr_FR\" \/>\n<meta property=\"og:type\" content=\"article\" \/>\n<meta property=\"og:title\" content=\"Infographies - VIP Research Lab\" \/>\n<meta property=\"og:description\" content=\"InfographiesTemporal trends in COVID-19 vaccine uptake among social housing residents compared to the general population in Ontario, Canada: a population-based panel studyCOVID 19 and Social Care Screening for Older Adults in Social Housing: A CP@clinic AdaptationLes \u00e2g\u00e9es vivant dans des logements sociaux: une population syst\u00e9matiquement vuln\u00e9rable qui doit \u00eatre trait\u00e9e en priorit\u00e9La pr\u00e9valence et pr\u00e9vention des maladies chroniques chez les ... Read More\" \/>\n<meta property=\"og:url\" content=\"https:\/\/vipresearchlab.ca\/fr\/infographie\/\" \/>\n<meta property=\"og:site_name\" content=\"VIP Research Lab\" \/>\n<meta property=\"article:modified_time\" content=\"2025-01-17T18:53:00+00:00\" \/>\n<meta name=\"twitter:card\" content=\"summary_large_image\" \/>\n<meta name=\"twitter:label1\" content=\"Dur\u00e9e de lecture estim\u00e9e\" \/>\n\t<meta name=\"twitter:data1\" content=\"1 minute\" \/>\n<script type=\"application\/ld+json\" class=\"yoast-schema-graph\">{\"@context\":\"https:\/\/schema.org\",\"@graph\":[{\"@type\":\"WebPage\",\"@id\":\"https:\/\/vipresearchlab.ca\/fr\/infographie\/\",\"url\":\"https:\/\/vipresearchlab.ca\/fr\/infographie\/\",\"name\":\"Infographies - VIP Research Lab\",\"isPartOf\":{\"@id\":\"https:\/\/vipresearchlab.ca\/fr\/#website\"},\"datePublished\":\"2024-03-20T20:34:28+00:00\",\"dateModified\":\"2025-01-17T18:53:00+00:00\",\"breadcrumb\":{\"@id\":\"https:\/\/vipresearchlab.ca\/fr\/infographie\/#breadcrumb\"},\"inLanguage\":\"fr-FR\",\"potentialAction\":[{\"@type\":\"ReadAction\",\"target\":[\"https:\/\/vipresearchlab.ca\/fr\/infographie\/\"]}]},{\"@type\":\"BreadcrumbList\",\"@id\":\"https:\/\/vipresearchlab.ca\/fr\/infographie\/#breadcrumb\",\"itemListElement\":[{\"@type\":\"ListItem\",\"position\":1,\"name\":\"Home\",\"item\":\"https:\/\/vipresearchlab.ca\/fr\/\"},{\"@type\":\"ListItem\",\"position\":2,\"name\":\"Infographies\"}]},{\"@type\":\"WebSite\",\"@id\":\"https:\/\/vipresearchlab.ca\/fr\/#website\",\"url\":\"https:\/\/vipresearchlab.ca\/fr\/\",\"name\":\"VIP Research Lab\",\"description\":\"Improving Healthcare for Vulnerable Individuals in Primary Care\",\"potentialAction\":[{\"@type\":\"SearchAction\",\"target\":{\"@type\":\"EntryPoint\",\"urlTemplate\":\"https:\/\/vipresearchlab.ca\/fr\/?s={search_term_string}\"},\"query-input\":{\"@type\":\"PropertyValueSpecification\",\"valueRequired\":true,\"valueName\":\"search_term_string\"}}],\"inLanguage\":\"fr-FR\"}]}<\/script>\n<!-- \/ Yoast SEO plugin. -->","yoast_head_json":{"title":"Infographies - VIP Research Lab","robots":{"index":"index","follow":"follow","max-snippet":"max-snippet:-1","max-image-preview":"max-image-preview:large","max-video-preview":"max-video-preview:-1"},"canonical":"https:\/\/vipresearchlab.ca\/fr\/infographie\/","og_locale":"fr_FR","og_type":"article","og_title":"Infographies - VIP Research Lab","og_description":"InfographiesTemporal trends in COVID-19 vaccine uptake among social housing residents compared to the general population in Ontario, Canada: a population-based panel studyCOVID 19 and Social Care Screening for Older Adults in Social Housing: A CP@clinic AdaptationLes \u00e2g\u00e9es vivant dans des logements sociaux: une population syst\u00e9matiquement vuln\u00e9rable qui doit \u00eatre trait\u00e9e en priorit\u00e9La pr\u00e9valence et pr\u00e9vention des maladies chroniques chez les ... Read More","og_url":"https:\/\/vipresearchlab.ca\/fr\/infographie\/","og_site_name":"VIP Research Lab","article_modified_time":"2025-01-17T18:53:00+00:00","twitter_card":"summary_large_image","twitter_misc":{"Dur\u00e9e de lecture estim\u00e9e":"1 minute"},"schema":{"@context":"https:\/\/schema.org","@graph":[{"@type":"WebPage","@id":"https:\/\/vipresearchlab.ca\/fr\/infographie\/","url":"https:\/\/vipresearchlab.ca\/fr\/infographie\/","name":"Infographies - VIP Research Lab","isPartOf":{"@id":"https:\/\/vipresearchlab.ca\/fr\/#website"},"datePublished":"2024-03-20T20:34:28+00:00","dateModified":"2025-01-17T18:53:00+00:00","breadcrumb":{"@id":"https:\/\/vipresearchlab.ca\/fr\/infographie\/#breadcrumb"},"inLanguage":"fr-FR","potentialAction":[{"@type":"ReadAction","target":["https:\/\/vipresearchlab.ca\/fr\/infographie\/"]}]},{"@type":"BreadcrumbList","@id":"https:\/\/vipresearchlab.ca\/fr\/infographie\/#breadcrumb","itemListElement":[{"@type":"ListItem","position":1,"name":"Home","item":"https:\/\/vipresearchlab.ca\/fr\/"},{"@type":"ListItem","position":2,"name":"Infographies"}]},{"@type":"WebSite","@id":"https:\/\/vipresearchlab.ca\/fr\/#website","url":"https:\/\/vipresearchlab.ca\/fr\/","name":"VIP Research Lab","description":"Improving Healthcare for Vulnerable Individuals in Primary Care","potentialAction":[{"@type":"SearchAction","target":{"@type":"EntryPoint","urlTemplate":"https:\/\/vipresearchlab.ca\/fr\/?s={search_term_string}"},"query-input":{"@type":"PropertyValueSpecification","valueRequired":true,"valueName":"search_term_string"}}],"inLanguage":"fr-FR"}]}},"_links":{"self":[{"href":"https:\/\/vipresearchlab.ca\/fr\/wp-json\/wp\/v2\/pages\/801","targetHints":{"allow":["GET"]}}],"collection":[{"href":"https:\/\/vipresearchlab.ca\/fr\/wp-json\/wp\/v2\/pages"}],"about":[{"href":"https:\/\/vipresearchlab.ca\/fr\/wp-json\/wp\/v2\/types\/page"}],"author":[{"embeddable":true,"href":"https:\/\/vipresearchlab.ca\/fr\/wp-json\/wp\/v2\/users\/1"}],"replies":[{"embeddable":true,"href":"https:\/\/vipresearchlab.ca\/fr\/wp-json\/wp\/v2\/comments?post=801"}],"version-history":[{"count":12,"href":"https:\/\/vipresearchlab.ca\/fr\/wp-json\/wp\/v2\/pages\/801\/revisions"}],"predecessor-version":[{"id":1423,"href":"https:\/\/vipresearchlab.ca\/fr\/wp-json\/wp\/v2\/pages\/801\/revisions\/1423"}],"wp:attachment":[{"href":"https:\/\/vipresearchlab.ca\/fr\/wp-json\/wp\/v2\/media?parent=801"}],"curies":[{"name":"wp","href":"https:\/\/api.w.org\/{rel}","templated":true}]}}