{"id":698,"date":"2020-11-10T15:45:46","date_gmt":"2020-11-10T20:45:46","guid":{"rendered":"https:\/\/vipresearchlab.ca\/?page_id=698"},"modified":"2023-02-07T15:58:05","modified_gmt":"2023-02-07T20:58:05","slug":"privacy-policy","status":"publish","type":"page","link":"https:\/\/vipresearchlab.ca\/fr\/privacy-policy\/","title":{"rendered":"Politique de confidentialit\u00e9"},"content":{"rendered":"<div id=\"cs-content\" class=\"cs-content\"><\/div>\n","protected":false},"excerpt":{"rendered":"<p>Politique de confidentialit\u00e9Cette politique de confidentialit\u00e9 a \u00e9t\u00e9 compil\u00e9e pour mieux servir ceux qui sont pr\u00e9occup\u00e9s par la fa\u00e7on dont leurs \u00ab informations personnelles identifiables \u00bb (PII) sont utilis\u00e9es en ligne. Les PII sont des informations qui peuvent \u00eatre utilis\u00e9es seules ou avec d&#8217;autres informations pour identifier, contacter ou localiser une seule personne, ou pour identifier une personne dans son &#8230; <\/p>\n<div><a href=\"https:\/\/vipresearchlab.ca\/fr\/privacy-policy\/\" class=\"more-link\">Read More<\/a><\/div>\n","protected":false},"author":1,"featured_media":0,"parent":0,"menu_order":0,"comment_status":"closed","ping_status":"closed","template":"template-blank-4.php","meta":{"_acf_changed":false,"footnotes":""},"class_list":["post-698","page","type-page","status-publish","hentry","no-post-thumbnail"],"acf":[],"yoast_head":"<!-- This site is optimized with the Yoast SEO plugin v23.8 - https:\/\/yoast.com\/wordpress\/plugins\/seo\/ -->\n<title>Politique de confidentialit\u00e9 - VIP Research Lab<\/title>\n<meta name=\"robots\" content=\"index, follow, max-snippet:-1, max-image-preview:large, max-video-preview:-1\" \/>\n<link rel=\"canonical\" href=\"https:\/\/vipresearchlab.ca\/fr\/privacy-policy\/\" \/>\n<meta property=\"og:locale\" content=\"fr_FR\" \/>\n<meta property=\"og:type\" content=\"article\" \/>\n<meta property=\"og:title\" content=\"Politique de confidentialit\u00e9 - VIP Research Lab\" \/>\n<meta property=\"og:description\" content=\"Politique de confidentialit\u00e9Cette politique de confidentialit\u00e9 a \u00e9t\u00e9 compil\u00e9e pour mieux servir ceux qui sont pr\u00e9occup\u00e9s par la fa\u00e7on dont leurs \u00ab informations personnelles identifiables \u00bb (PII) sont utilis\u00e9es en ligne. Les PII sont des informations qui peuvent \u00eatre utilis\u00e9es seules ou avec d&#039;autres informations pour identifier, contacter ou localiser une seule personne, ou pour identifier une personne dans son ... Read More\" \/>\n<meta property=\"og:url\" content=\"https:\/\/vipresearchlab.ca\/fr\/privacy-policy\/\" \/>\n<meta property=\"og:site_name\" content=\"VIP Research Lab\" \/>\n<meta property=\"article:modified_time\" content=\"2023-02-07T20:58:05+00:00\" \/>\n<meta name=\"twitter:card\" content=\"summary_large_image\" \/>\n<meta name=\"twitter:label1\" content=\"Dur\u00e9e de lecture estim\u00e9e\" \/>\n\t<meta name=\"twitter:data1\" content=\"6 minutes\" \/>\n<script type=\"application\/ld+json\" class=\"yoast-schema-graph\">{\"@context\":\"https:\/\/schema.org\",\"@graph\":[{\"@type\":\"WebPage\",\"@id\":\"https:\/\/vipresearchlab.ca\/fr\/privacy-policy\/\",\"url\":\"https:\/\/vipresearchlab.ca\/fr\/privacy-policy\/\",\"name\":\"Politique de confidentialit\u00e9 - VIP Research Lab\",\"isPartOf\":{\"@id\":\"https:\/\/vipresearchlab.ca\/fr\/#website\"},\"datePublished\":\"2020-11-10T20:45:46+00:00\",\"dateModified\":\"2023-02-07T20:58:05+00:00\",\"breadcrumb\":{\"@id\":\"https:\/\/vipresearchlab.ca\/fr\/privacy-policy\/#breadcrumb\"},\"inLanguage\":\"fr-FR\",\"potentialAction\":[{\"@type\":\"ReadAction\",\"target\":[\"https:\/\/vipresearchlab.ca\/fr\/privacy-policy\/\"]}]},{\"@type\":\"BreadcrumbList\",\"@id\":\"https:\/\/vipresearchlab.ca\/fr\/privacy-policy\/#breadcrumb\",\"itemListElement\":[{\"@type\":\"ListItem\",\"position\":1,\"name\":\"Home\",\"item\":\"https:\/\/vipresearchlab.ca\/fr\/\"},{\"@type\":\"ListItem\",\"position\":2,\"name\":\"Politique de confidentialit\u00e9\"}]},{\"@type\":\"WebSite\",\"@id\":\"https:\/\/vipresearchlab.ca\/fr\/#website\",\"url\":\"https:\/\/vipresearchlab.ca\/fr\/\",\"name\":\"VIP Research Lab\",\"description\":\"Improving Healthcare for Vulnerable Individuals in Primary Care\",\"potentialAction\":[{\"@type\":\"SearchAction\",\"target\":{\"@type\":\"EntryPoint\",\"urlTemplate\":\"https:\/\/vipresearchlab.ca\/fr\/?s={search_term_string}\"},\"query-input\":{\"@type\":\"PropertyValueSpecification\",\"valueRequired\":true,\"valueName\":\"search_term_string\"}}],\"inLanguage\":\"fr-FR\"}]}<\/script>\n<!-- \/ Yoast SEO plugin. -->","yoast_head_json":{"title":"Politique de confidentialit\u00e9 - VIP Research Lab","robots":{"index":"index","follow":"follow","max-snippet":"max-snippet:-1","max-image-preview":"max-image-preview:large","max-video-preview":"max-video-preview:-1"},"canonical":"https:\/\/vipresearchlab.ca\/fr\/privacy-policy\/","og_locale":"fr_FR","og_type":"article","og_title":"Politique de confidentialit\u00e9 - VIP Research Lab","og_description":"Politique de confidentialit\u00e9Cette politique de confidentialit\u00e9 a \u00e9t\u00e9 compil\u00e9e pour mieux servir ceux qui sont pr\u00e9occup\u00e9s par la fa\u00e7on dont leurs \u00ab informations personnelles identifiables \u00bb (PII) sont utilis\u00e9es en ligne. Les PII sont des informations qui peuvent \u00eatre utilis\u00e9es seules ou avec d'autres informations pour identifier, contacter ou localiser une seule personne, ou pour identifier une personne dans son ... Read More","og_url":"https:\/\/vipresearchlab.ca\/fr\/privacy-policy\/","og_site_name":"VIP Research Lab","article_modified_time":"2023-02-07T20:58:05+00:00","twitter_card":"summary_large_image","twitter_misc":{"Dur\u00e9e de lecture estim\u00e9e":"6 minutes"},"schema":{"@context":"https:\/\/schema.org","@graph":[{"@type":"WebPage","@id":"https:\/\/vipresearchlab.ca\/fr\/privacy-policy\/","url":"https:\/\/vipresearchlab.ca\/fr\/privacy-policy\/","name":"Politique de confidentialit\u00e9 - VIP Research Lab","isPartOf":{"@id":"https:\/\/vipresearchlab.ca\/fr\/#website"},"datePublished":"2020-11-10T20:45:46+00:00","dateModified":"2023-02-07T20:58:05+00:00","breadcrumb":{"@id":"https:\/\/vipresearchlab.ca\/fr\/privacy-policy\/#breadcrumb"},"inLanguage":"fr-FR","potentialAction":[{"@type":"ReadAction","target":["https:\/\/vipresearchlab.ca\/fr\/privacy-policy\/"]}]},{"@type":"BreadcrumbList","@id":"https:\/\/vipresearchlab.ca\/fr\/privacy-policy\/#breadcrumb","itemListElement":[{"@type":"ListItem","position":1,"name":"Home","item":"https:\/\/vipresearchlab.ca\/fr\/"},{"@type":"ListItem","position":2,"name":"Politique de confidentialit\u00e9"}]},{"@type":"WebSite","@id":"https:\/\/vipresearchlab.ca\/fr\/#website","url":"https:\/\/vipresearchlab.ca\/fr\/","name":"VIP Research Lab","description":"Improving Healthcare for Vulnerable Individuals in Primary Care","potentialAction":[{"@type":"SearchAction","target":{"@type":"EntryPoint","urlTemplate":"https:\/\/vipresearchlab.ca\/fr\/?s={search_term_string}"},"query-input":{"@type":"PropertyValueSpecification","valueRequired":true,"valueName":"search_term_string"}}],"inLanguage":"fr-FR"}]}},"_links":{"self":[{"href":"https:\/\/vipresearchlab.ca\/fr\/wp-json\/wp\/v2\/pages\/698","targetHints":{"allow":["GET"]}}],"collection":[{"href":"https:\/\/vipresearchlab.ca\/fr\/wp-json\/wp\/v2\/pages"}],"about":[{"href":"https:\/\/vipresearchlab.ca\/fr\/wp-json\/wp\/v2\/types\/page"}],"author":[{"embeddable":true,"href":"https:\/\/vipresearchlab.ca\/fr\/wp-json\/wp\/v2\/users\/1"}],"replies":[{"embeddable":true,"href":"https:\/\/vipresearchlab.ca\/fr\/wp-json\/wp\/v2\/comments?post=698"}],"version-history":[{"count":12,"href":"https:\/\/vipresearchlab.ca\/fr\/wp-json\/wp\/v2\/pages\/698\/revisions"}],"predecessor-version":[{"id":721,"href":"https:\/\/vipresearchlab.ca\/fr\/wp-json\/wp\/v2\/pages\/698\/revisions\/721"}],"wp:attachment":[{"href":"https:\/\/vipresearchlab.ca\/fr\/wp-json\/wp\/v2\/media?parent=698"}],"curies":[{"name":"wp","href":"https:\/\/api.w.org\/{rel}","templated":true}]}}