{"id":609,"date":"2020-11-10T11:33:45","date_gmt":"2020-11-10T16:33:45","guid":{"rendered":"https:\/\/vipresearchlab.ca\/?page_id=609"},"modified":"2024-11-04T16:31:35","modified_gmt":"2024-11-04T21:31:35","slug":"home","status":"publish","type":"page","link":"https:\/\/vipresearchlab.ca\/fr\/","title":{"rendered":"Home"},"content":{"rendered":"<div id=\"cs-content\" class=\"cs-content\"><\/div>\n","protected":false},"excerpt":{"rendered":"<p>Am\u00e9lioration des soins de sant\u00e9 pour les personnes vuln\u00e9rables Faites d\u00e9filer vers le bas pour continuer Qui nous sommesNous sommes un groupe de chercheurs engag\u00e9s qui se consacrent \u00e0 l&#8217;am\u00e9lioration des soins de sant\u00e9 et de l&#8217;acc\u00e8s pour les populations vuln\u00e9rables au Canada et \u00e0 l&#8217;\u00e9tranger.Pour en savoir plus sur nous&#8230;Projets de rechercheD\u00e9couvrez nos divers projets de recherche au Canada &#8230; <\/p>\n<div><a href=\"https:\/\/vipresearchlab.ca\/fr\/\" class=\"more-link\">Read More<\/a><\/div>\n","protected":false},"author":1,"featured_media":0,"parent":0,"menu_order":0,"comment_status":"closed","ping_status":"closed","template":"template-blank-4.php","meta":{"_acf_changed":false,"footnotes":""},"class_list":["post-609","page","type-page","status-publish","hentry","no-post-thumbnail"],"acf":[],"yoast_head":"<!-- This site is optimized with the Yoast SEO plugin v23.8 - https:\/\/yoast.com\/wordpress\/plugins\/seo\/ -->\n<title>Home - VIP Research Lab<\/title>\n<meta name=\"robots\" content=\"index, follow, max-snippet:-1, max-image-preview:large, max-video-preview:-1\" \/>\n<link rel=\"canonical\" href=\"https:\/\/vipresearchlab.ca\/fr\/\" \/>\n<meta property=\"og:locale\" content=\"fr_FR\" \/>\n<meta property=\"og:type\" content=\"article\" \/>\n<meta property=\"og:title\" content=\"Home - VIP Research Lab\" \/>\n<meta property=\"og:description\" content=\"Am\u00e9lioration des soins de sant\u00e9 pour les personnes vuln\u00e9rables Faites d\u00e9filer vers le bas pour continuer Qui nous sommesNous sommes un groupe de chercheurs engag\u00e9s qui se consacrent \u00e0 l&#039;am\u00e9lioration des soins de sant\u00e9 et de l&#039;acc\u00e8s pour les populations vuln\u00e9rables au Canada et \u00e0 l&#039;\u00e9tranger.Pour en savoir plus sur nous...Projets de rechercheD\u00e9couvrez nos divers projets de recherche au Canada ... Read More\" \/>\n<meta property=\"og:url\" content=\"https:\/\/vipresearchlab.ca\/fr\/\" \/>\n<meta property=\"og:site_name\" content=\"VIP Research Lab\" \/>\n<meta property=\"article:modified_time\" content=\"2024-11-04T21:31:35+00:00\" \/>\n<meta name=\"twitter:card\" content=\"summary_large_image\" \/>\n<meta name=\"twitter:label1\" content=\"Dur\u00e9e de lecture estim\u00e9e\" \/>\n\t<meta name=\"twitter:data1\" content=\"6 minutes\" \/>\n<script type=\"application\/ld+json\" class=\"yoast-schema-graph\">{\"@context\":\"https:\/\/schema.org\",\"@graph\":[{\"@type\":\"WebPage\",\"@id\":\"https:\/\/vipresearchlab.ca\/fr\/\",\"url\":\"https:\/\/vipresearchlab.ca\/fr\/\",\"name\":\"Home - VIP Research Lab\",\"isPartOf\":{\"@id\":\"https:\/\/vipresearchlab.ca\/fr\/#website\"},\"datePublished\":\"2020-11-10T16:33:45+00:00\",\"dateModified\":\"2024-11-04T21:31:35+00:00\",\"breadcrumb\":{\"@id\":\"https:\/\/vipresearchlab.ca\/fr\/#breadcrumb\"},\"inLanguage\":\"fr-FR\",\"potentialAction\":[{\"@type\":\"ReadAction\",\"target\":[\"https:\/\/vipresearchlab.ca\/fr\/\"]}]},{\"@type\":\"BreadcrumbList\",\"@id\":\"https:\/\/vipresearchlab.ca\/fr\/#breadcrumb\",\"itemListElement\":[{\"@type\":\"ListItem\",\"position\":1,\"name\":\"Home\",\"item\":\"https:\/\/vipresearchlab.ca\/fr\/\"},{\"@type\":\"ListItem\",\"position\":2,\"name\":\"Home\"}]},{\"@type\":\"WebSite\",\"@id\":\"https:\/\/vipresearchlab.ca\/fr\/#website\",\"url\":\"https:\/\/vipresearchlab.ca\/fr\/\",\"name\":\"VIP Research Lab\",\"description\":\"Improving Healthcare for Vulnerable Individuals in Primary Care\",\"potentialAction\":[{\"@type\":\"SearchAction\",\"target\":{\"@type\":\"EntryPoint\",\"urlTemplate\":\"https:\/\/vipresearchlab.ca\/fr\/?s={search_term_string}\"},\"query-input\":{\"@type\":\"PropertyValueSpecification\",\"valueRequired\":true,\"valueName\":\"search_term_string\"}}],\"inLanguage\":\"fr-FR\"}]}<\/script>\n<!-- \/ Yoast SEO plugin. -->","yoast_head_json":{"title":"Home - VIP Research Lab","robots":{"index":"index","follow":"follow","max-snippet":"max-snippet:-1","max-image-preview":"max-image-preview:large","max-video-preview":"max-video-preview:-1"},"canonical":"https:\/\/vipresearchlab.ca\/fr\/","og_locale":"fr_FR","og_type":"article","og_title":"Home - VIP Research Lab","og_description":"Am\u00e9lioration des soins de sant\u00e9 pour les personnes vuln\u00e9rables Faites d\u00e9filer vers le bas pour continuer Qui nous sommesNous sommes un groupe de chercheurs engag\u00e9s qui se consacrent \u00e0 l'am\u00e9lioration des soins de sant\u00e9 et de l'acc\u00e8s pour les populations vuln\u00e9rables au Canada et \u00e0 l'\u00e9tranger.Pour en savoir plus sur nous...Projets de rechercheD\u00e9couvrez nos divers projets de recherche au Canada ... Read More","og_url":"https:\/\/vipresearchlab.ca\/fr\/","og_site_name":"VIP Research Lab","article_modified_time":"2024-11-04T21:31:35+00:00","twitter_card":"summary_large_image","twitter_misc":{"Dur\u00e9e de lecture estim\u00e9e":"6 minutes"},"schema":{"@context":"https:\/\/schema.org","@graph":[{"@type":"WebPage","@id":"https:\/\/vipresearchlab.ca\/fr\/","url":"https:\/\/vipresearchlab.ca\/fr\/","name":"Home - VIP Research Lab","isPartOf":{"@id":"https:\/\/vipresearchlab.ca\/fr\/#website"},"datePublished":"2020-11-10T16:33:45+00:00","dateModified":"2024-11-04T21:31:35+00:00","breadcrumb":{"@id":"https:\/\/vipresearchlab.ca\/fr\/#breadcrumb"},"inLanguage":"fr-FR","potentialAction":[{"@type":"ReadAction","target":["https:\/\/vipresearchlab.ca\/fr\/"]}]},{"@type":"BreadcrumbList","@id":"https:\/\/vipresearchlab.ca\/fr\/#breadcrumb","itemListElement":[{"@type":"ListItem","position":1,"name":"Home","item":"https:\/\/vipresearchlab.ca\/fr\/"},{"@type":"ListItem","position":2,"name":"Home"}]},{"@type":"WebSite","@id":"https:\/\/vipresearchlab.ca\/fr\/#website","url":"https:\/\/vipresearchlab.ca\/fr\/","name":"VIP Research Lab","description":"Improving Healthcare for Vulnerable Individuals in Primary Care","potentialAction":[{"@type":"SearchAction","target":{"@type":"EntryPoint","urlTemplate":"https:\/\/vipresearchlab.ca\/fr\/?s={search_term_string}"},"query-input":{"@type":"PropertyValueSpecification","valueRequired":true,"valueName":"search_term_string"}}],"inLanguage":"fr-FR"}]}},"_links":{"self":[{"href":"https:\/\/vipresearchlab.ca\/fr\/wp-json\/wp\/v2\/pages\/609","targetHints":{"allow":["GET"]}}],"collection":[{"href":"https:\/\/vipresearchlab.ca\/fr\/wp-json\/wp\/v2\/pages"}],"about":[{"href":"https:\/\/vipresearchlab.ca\/fr\/wp-json\/wp\/v2\/types\/page"}],"author":[{"embeddable":true,"href":"https:\/\/vipresearchlab.ca\/fr\/wp-json\/wp\/v2\/users\/1"}],"replies":[{"embeddable":true,"href":"https:\/\/vipresearchlab.ca\/fr\/wp-json\/wp\/v2\/comments?post=609"}],"version-history":[{"count":14,"href":"https:\/\/vipresearchlab.ca\/fr\/wp-json\/wp\/v2\/pages\/609\/revisions"}],"predecessor-version":[{"id":1365,"href":"https:\/\/vipresearchlab.ca\/fr\/wp-json\/wp\/v2\/pages\/609\/revisions\/1365"}],"wp:attachment":[{"href":"https:\/\/vipresearchlab.ca\/fr\/wp-json\/wp\/v2\/media?parent=609"}],"curies":[{"name":"wp","href":"https:\/\/api.w.org\/{rel}","templated":true}]}}