{"id":607,"date":"2020-11-10T13:17:31","date_gmt":"2020-11-10T18:17:31","guid":{"rendered":"https:\/\/vipresearchlab.ca\/?page_id=607"},"modified":"2024-11-04T15:56:13","modified_gmt":"2024-11-04T20:56:13","slug":"who-we-are","status":"publish","type":"page","link":"https:\/\/vipresearchlab.ca\/fr\/who-we-are\/","title":{"rendered":"Qui nous sommes"},"content":{"rendered":"<div id=\"cs-content\" class=\"cs-content\"><\/div>\n","protected":false},"excerpt":{"rendered":"<p>Qui nous sommesVision du laboratoire de recherche VIPAm\u00e9liorer la sant\u00e9 en facilitant un acc\u00e8s \u00e9quitable et un lien aux&nbsp; soins primaires&nbsp; pour les populations vuln\u00e9rables au Canada et \u00e0 l&#8217;\u00e9tranger, y compris les pays \u00e0 revenu faible et interm\u00e9diaire (PRFM) et les pays \u00e0 revenu \u00e9lev\u00e9 (PRE).Mission du laboratoire de recherche VIPNous nous engageons \u00e0 produire des preuves solides pour &#8230; <\/p>\n<div><a href=\"https:\/\/vipresearchlab.ca\/fr\/who-we-are\/\" class=\"more-link\">Read More<\/a><\/div>\n","protected":false},"author":1,"featured_media":0,"parent":0,"menu_order":0,"comment_status":"closed","ping_status":"closed","template":"template-blank-4.php","meta":{"_acf_changed":false,"footnotes":""},"class_list":["post-607","page","type-page","status-publish","hentry","no-post-thumbnail"],"acf":[],"yoast_head":"<!-- This site is optimized with the Yoast SEO plugin v23.8 - https:\/\/yoast.com\/wordpress\/plugins\/seo\/ -->\n<title>Qui nous sommes - VIP Research Lab<\/title>\n<meta name=\"robots\" content=\"index, follow, max-snippet:-1, max-image-preview:large, max-video-preview:-1\" \/>\n<link rel=\"canonical\" href=\"https:\/\/vipresearchlab.ca\/fr\/who-we-are\/\" \/>\n<meta property=\"og:locale\" content=\"fr_FR\" \/>\n<meta property=\"og:type\" content=\"article\" \/>\n<meta property=\"og:title\" content=\"Qui nous sommes - VIP Research Lab\" \/>\n<meta property=\"og:description\" content=\"Qui nous sommesVision du laboratoire de recherche VIPAm\u00e9liorer la sant\u00e9 en facilitant un acc\u00e8s \u00e9quitable et un lien aux&nbsp; soins primaires&nbsp; pour les populations vuln\u00e9rables au Canada et \u00e0 l&#039;\u00e9tranger, y compris les pays \u00e0 revenu faible et interm\u00e9diaire (PRFM) et les pays \u00e0 revenu \u00e9lev\u00e9 (PRE).Mission du laboratoire de recherche VIPNous nous engageons \u00e0 produire des preuves solides pour ... Read More\" \/>\n<meta property=\"og:url\" content=\"https:\/\/vipresearchlab.ca\/fr\/who-we-are\/\" \/>\n<meta property=\"og:site_name\" content=\"VIP Research Lab\" \/>\n<meta property=\"article:modified_time\" content=\"2024-11-04T20:56:13+00:00\" \/>\n<meta property=\"og:image\" content=\"https:\/\/vipresearchlab.ca\/media\/mcdfm-logo-300x92.png\" \/>\n<meta name=\"twitter:card\" content=\"summary_large_image\" \/>\n<meta name=\"twitter:label1\" content=\"Dur\u00e9e de lecture estim\u00e9e\" \/>\n\t<meta name=\"twitter:data1\" content=\"7 minutes\" \/>\n<script type=\"application\/ld+json\" class=\"yoast-schema-graph\">{\"@context\":\"https:\/\/schema.org\",\"@graph\":[{\"@type\":\"WebPage\",\"@id\":\"https:\/\/vipresearchlab.ca\/fr\/who-we-are\/\",\"url\":\"https:\/\/vipresearchlab.ca\/fr\/who-we-are\/\",\"name\":\"Qui nous sommes - VIP Research Lab\",\"isPartOf\":{\"@id\":\"https:\/\/vipresearchlab.ca\/fr\/#website\"},\"primaryImageOfPage\":{\"@id\":\"https:\/\/vipresearchlab.ca\/fr\/who-we-are\/#primaryimage\"},\"image\":{\"@id\":\"https:\/\/vipresearchlab.ca\/fr\/who-we-are\/#primaryimage\"},\"thumbnailUrl\":\"https:\/\/vipresearchlab.ca\/media\/mcdfm-logo-300x92.png\",\"datePublished\":\"2020-11-10T18:17:31+00:00\",\"dateModified\":\"2024-11-04T20:56:13+00:00\",\"breadcrumb\":{\"@id\":\"https:\/\/vipresearchlab.ca\/fr\/who-we-are\/#breadcrumb\"},\"inLanguage\":\"fr-FR\",\"potentialAction\":[{\"@type\":\"ReadAction\",\"target\":[\"https:\/\/vipresearchlab.ca\/fr\/who-we-are\/\"]}]},{\"@type\":\"ImageObject\",\"inLanguage\":\"fr-FR\",\"@id\":\"https:\/\/vipresearchlab.ca\/fr\/who-we-are\/#primaryimage\",\"url\":\"https:\/\/vipresearchlab.ca\/media\/mcdfm-logo-300x92.png\",\"contentUrl\":\"https:\/\/vipresearchlab.ca\/media\/mcdfm-logo-300x92.png\"},{\"@type\":\"BreadcrumbList\",\"@id\":\"https:\/\/vipresearchlab.ca\/fr\/who-we-are\/#breadcrumb\",\"itemListElement\":[{\"@type\":\"ListItem\",\"position\":1,\"name\":\"Home\",\"item\":\"https:\/\/vipresearchlab.ca\/fr\/\"},{\"@type\":\"ListItem\",\"position\":2,\"name\":\"Qui nous sommes\"}]},{\"@type\":\"WebSite\",\"@id\":\"https:\/\/vipresearchlab.ca\/fr\/#website\",\"url\":\"https:\/\/vipresearchlab.ca\/fr\/\",\"name\":\"VIP Research Lab\",\"description\":\"Improving Healthcare for Vulnerable Individuals in Primary Care\",\"potentialAction\":[{\"@type\":\"SearchAction\",\"target\":{\"@type\":\"EntryPoint\",\"urlTemplate\":\"https:\/\/vipresearchlab.ca\/fr\/?s={search_term_string}\"},\"query-input\":{\"@type\":\"PropertyValueSpecification\",\"valueRequired\":true,\"valueName\":\"search_term_string\"}}],\"inLanguage\":\"fr-FR\"}]}<\/script>\n<!-- \/ Yoast SEO plugin. -->","yoast_head_json":{"title":"Qui nous sommes - VIP Research Lab","robots":{"index":"index","follow":"follow","max-snippet":"max-snippet:-1","max-image-preview":"max-image-preview:large","max-video-preview":"max-video-preview:-1"},"canonical":"https:\/\/vipresearchlab.ca\/fr\/who-we-are\/","og_locale":"fr_FR","og_type":"article","og_title":"Qui nous sommes - VIP Research Lab","og_description":"Qui nous sommesVision du laboratoire de recherche VIPAm\u00e9liorer la sant\u00e9 en facilitant un acc\u00e8s \u00e9quitable et un lien aux&nbsp; soins primaires&nbsp; pour les populations vuln\u00e9rables au Canada et \u00e0 l'\u00e9tranger, y compris les pays \u00e0 revenu faible et interm\u00e9diaire (PRFM) et les pays \u00e0 revenu \u00e9lev\u00e9 (PRE).Mission du laboratoire de recherche VIPNous nous engageons \u00e0 produire des preuves solides pour ... Read More","og_url":"https:\/\/vipresearchlab.ca\/fr\/who-we-are\/","og_site_name":"VIP Research Lab","article_modified_time":"2024-11-04T20:56:13+00:00","og_image":[{"url":"https:\/\/vipresearchlab.ca\/media\/mcdfm-logo-300x92.png"}],"twitter_card":"summary_large_image","twitter_misc":{"Dur\u00e9e de lecture estim\u00e9e":"7 minutes"},"schema":{"@context":"https:\/\/schema.org","@graph":[{"@type":"WebPage","@id":"https:\/\/vipresearchlab.ca\/fr\/who-we-are\/","url":"https:\/\/vipresearchlab.ca\/fr\/who-we-are\/","name":"Qui nous sommes - VIP Research Lab","isPartOf":{"@id":"https:\/\/vipresearchlab.ca\/fr\/#website"},"primaryImageOfPage":{"@id":"https:\/\/vipresearchlab.ca\/fr\/who-we-are\/#primaryimage"},"image":{"@id":"https:\/\/vipresearchlab.ca\/fr\/who-we-are\/#primaryimage"},"thumbnailUrl":"https:\/\/vipresearchlab.ca\/media\/mcdfm-logo-300x92.png","datePublished":"2020-11-10T18:17:31+00:00","dateModified":"2024-11-04T20:56:13+00:00","breadcrumb":{"@id":"https:\/\/vipresearchlab.ca\/fr\/who-we-are\/#breadcrumb"},"inLanguage":"fr-FR","potentialAction":[{"@type":"ReadAction","target":["https:\/\/vipresearchlab.ca\/fr\/who-we-are\/"]}]},{"@type":"ImageObject","inLanguage":"fr-FR","@id":"https:\/\/vipresearchlab.ca\/fr\/who-we-are\/#primaryimage","url":"https:\/\/vipresearchlab.ca\/media\/mcdfm-logo-300x92.png","contentUrl":"https:\/\/vipresearchlab.ca\/media\/mcdfm-logo-300x92.png"},{"@type":"BreadcrumbList","@id":"https:\/\/vipresearchlab.ca\/fr\/who-we-are\/#breadcrumb","itemListElement":[{"@type":"ListItem","position":1,"name":"Home","item":"https:\/\/vipresearchlab.ca\/fr\/"},{"@type":"ListItem","position":2,"name":"Qui nous sommes"}]},{"@type":"WebSite","@id":"https:\/\/vipresearchlab.ca\/fr\/#website","url":"https:\/\/vipresearchlab.ca\/fr\/","name":"VIP Research Lab","description":"Improving Healthcare for Vulnerable Individuals in Primary Care","potentialAction":[{"@type":"SearchAction","target":{"@type":"EntryPoint","urlTemplate":"https:\/\/vipresearchlab.ca\/fr\/?s={search_term_string}"},"query-input":{"@type":"PropertyValueSpecification","valueRequired":true,"valueName":"search_term_string"}}],"inLanguage":"fr-FR"}]}},"_links":{"self":[{"href":"https:\/\/vipresearchlab.ca\/fr\/wp-json\/wp\/v2\/pages\/607","targetHints":{"allow":["GET"]}}],"collection":[{"href":"https:\/\/vipresearchlab.ca\/fr\/wp-json\/wp\/v2\/pages"}],"about":[{"href":"https:\/\/vipresearchlab.ca\/fr\/wp-json\/wp\/v2\/types\/page"}],"author":[{"embeddable":true,"href":"https:\/\/vipresearchlab.ca\/fr\/wp-json\/wp\/v2\/users\/1"}],"replies":[{"embeddable":true,"href":"https:\/\/vipresearchlab.ca\/fr\/wp-json\/wp\/v2\/comments?post=607"}],"version-history":[{"count":7,"href":"https:\/\/vipresearchlab.ca\/fr\/wp-json\/wp\/v2\/pages\/607\/revisions"}],"predecessor-version":[{"id":1275,"href":"https:\/\/vipresearchlab.ca\/fr\/wp-json\/wp\/v2\/pages\/607\/revisions\/1275"}],"wp:attachment":[{"href":"https:\/\/vipresearchlab.ca\/fr\/wp-json\/wp\/v2\/media?parent=607"}],"curies":[{"name":"wp","href":"https:\/\/api.w.org\/{rel}","templated":true}]}}