{"id":605,"date":"2020-11-10T13:17:54","date_gmt":"2020-11-10T18:17:54","guid":{"rendered":"https:\/\/vipresearchlab.ca\/?page_id=605"},"modified":"2024-11-04T16:28:33","modified_gmt":"2024-11-04T21:28:33","slug":"research","status":"publish","type":"page","link":"https:\/\/vipresearchlab.ca\/fr\/research\/","title":{"rendered":"Programmes de recherche"},"content":{"rendered":"<div id=\"cs-content\" class=\"cs-content\"><\/div>\n","protected":false},"excerpt":{"rendered":"<p>Programmes de rechercheProgramme de param\u00e9decine communautaire \u00e0 la clinique (PC@clinique)Le programme PC@clinique a \u00e9t\u00e9 d\u00e9velopp\u00e9 pour aider \u00e0 garder les personnes \u00e2g\u00e9es \u00e0 faible revenu en bonne sant\u00e9 \u00e0 la maison et aider \u00e0 r\u00e9duire les appels \u00e9vitables au 911. Les param\u00e9dics communautaires (PC) assument un nouveau r\u00f4le de soins non urgents et rendent visite aux personnes \u00e2g\u00e9es dans les &#8230; <\/p>\n<div><a href=\"https:\/\/vipresearchlab.ca\/fr\/research\/\" class=\"more-link\">Read More<\/a><\/div>\n","protected":false},"author":1,"featured_media":0,"parent":0,"menu_order":0,"comment_status":"closed","ping_status":"closed","template":"template-blank-4.php","meta":{"_acf_changed":false,"footnotes":""},"class_list":["post-605","page","type-page","status-publish","hentry","no-post-thumbnail"],"acf":[],"yoast_head":"<!-- This site is optimized with the Yoast SEO plugin v23.8 - https:\/\/yoast.com\/wordpress\/plugins\/seo\/ -->\n<title>Programmes de recherche - VIP Research Lab<\/title>\n<meta name=\"robots\" content=\"index, follow, max-snippet:-1, max-image-preview:large, max-video-preview:-1\" \/>\n<link rel=\"canonical\" href=\"https:\/\/vipresearchlab.ca\/fr\/research\/\" \/>\n<meta property=\"og:locale\" content=\"fr_FR\" \/>\n<meta property=\"og:type\" content=\"article\" \/>\n<meta property=\"og:title\" content=\"Programmes de recherche - VIP Research Lab\" \/>\n<meta property=\"og:description\" content=\"Programmes de rechercheProgramme de param\u00e9decine communautaire \u00e0 la clinique (PC@clinique)Le programme PC@clinique a \u00e9t\u00e9 d\u00e9velopp\u00e9 pour aider \u00e0 garder les personnes \u00e2g\u00e9es \u00e0 faible revenu en bonne sant\u00e9 \u00e0 la maison et aider \u00e0 r\u00e9duire les appels \u00e9vitables au 911. Les param\u00e9dics communautaires (PC) assument un nouveau r\u00f4le de soins non urgents et rendent visite aux personnes \u00e2g\u00e9es dans les ... Read More\" \/>\n<meta property=\"og:url\" content=\"https:\/\/vipresearchlab.ca\/fr\/research\/\" \/>\n<meta property=\"og:site_name\" content=\"VIP Research Lab\" \/>\n<meta property=\"article:modified_time\" content=\"2024-11-04T21:28:33+00:00\" \/>\n<meta name=\"twitter:card\" content=\"summary_large_image\" \/>\n<meta name=\"twitter:label1\" content=\"Dur\u00e9e de lecture estim\u00e9e\" \/>\n\t<meta name=\"twitter:data1\" content=\"6 minutes\" \/>\n<script type=\"application\/ld+json\" class=\"yoast-schema-graph\">{\"@context\":\"https:\/\/schema.org\",\"@graph\":[{\"@type\":\"WebPage\",\"@id\":\"https:\/\/vipresearchlab.ca\/fr\/research\/\",\"url\":\"https:\/\/vipresearchlab.ca\/fr\/research\/\",\"name\":\"Programmes de recherche - VIP Research Lab\",\"isPartOf\":{\"@id\":\"https:\/\/vipresearchlab.ca\/fr\/#website\"},\"datePublished\":\"2020-11-10T18:17:54+00:00\",\"dateModified\":\"2024-11-04T21:28:33+00:00\",\"breadcrumb\":{\"@id\":\"https:\/\/vipresearchlab.ca\/fr\/research\/#breadcrumb\"},\"inLanguage\":\"fr-FR\",\"potentialAction\":[{\"@type\":\"ReadAction\",\"target\":[\"https:\/\/vipresearchlab.ca\/fr\/research\/\"]}]},{\"@type\":\"BreadcrumbList\",\"@id\":\"https:\/\/vipresearchlab.ca\/fr\/research\/#breadcrumb\",\"itemListElement\":[{\"@type\":\"ListItem\",\"position\":1,\"name\":\"Home\",\"item\":\"https:\/\/vipresearchlab.ca\/fr\/\"},{\"@type\":\"ListItem\",\"position\":2,\"name\":\"Programmes de recherche\"}]},{\"@type\":\"WebSite\",\"@id\":\"https:\/\/vipresearchlab.ca\/fr\/#website\",\"url\":\"https:\/\/vipresearchlab.ca\/fr\/\",\"name\":\"VIP Research Lab\",\"description\":\"Improving Healthcare for Vulnerable Individuals in Primary Care\",\"potentialAction\":[{\"@type\":\"SearchAction\",\"target\":{\"@type\":\"EntryPoint\",\"urlTemplate\":\"https:\/\/vipresearchlab.ca\/fr\/?s={search_term_string}\"},\"query-input\":{\"@type\":\"PropertyValueSpecification\",\"valueRequired\":true,\"valueName\":\"search_term_string\"}}],\"inLanguage\":\"fr-FR\"}]}<\/script>\n<!-- \/ Yoast SEO plugin. -->","yoast_head_json":{"title":"Programmes de recherche - VIP Research Lab","robots":{"index":"index","follow":"follow","max-snippet":"max-snippet:-1","max-image-preview":"max-image-preview:large","max-video-preview":"max-video-preview:-1"},"canonical":"https:\/\/vipresearchlab.ca\/fr\/research\/","og_locale":"fr_FR","og_type":"article","og_title":"Programmes de recherche - VIP Research Lab","og_description":"Programmes de rechercheProgramme de param\u00e9decine communautaire \u00e0 la clinique (PC@clinique)Le programme PC@clinique a \u00e9t\u00e9 d\u00e9velopp\u00e9 pour aider \u00e0 garder les personnes \u00e2g\u00e9es \u00e0 faible revenu en bonne sant\u00e9 \u00e0 la maison et aider \u00e0 r\u00e9duire les appels \u00e9vitables au 911. Les param\u00e9dics communautaires (PC) assument un nouveau r\u00f4le de soins non urgents et rendent visite aux personnes \u00e2g\u00e9es dans les ... Read More","og_url":"https:\/\/vipresearchlab.ca\/fr\/research\/","og_site_name":"VIP Research Lab","article_modified_time":"2024-11-04T21:28:33+00:00","twitter_card":"summary_large_image","twitter_misc":{"Dur\u00e9e de lecture estim\u00e9e":"6 minutes"},"schema":{"@context":"https:\/\/schema.org","@graph":[{"@type":"WebPage","@id":"https:\/\/vipresearchlab.ca\/fr\/research\/","url":"https:\/\/vipresearchlab.ca\/fr\/research\/","name":"Programmes de recherche - VIP Research Lab","isPartOf":{"@id":"https:\/\/vipresearchlab.ca\/fr\/#website"},"datePublished":"2020-11-10T18:17:54+00:00","dateModified":"2024-11-04T21:28:33+00:00","breadcrumb":{"@id":"https:\/\/vipresearchlab.ca\/fr\/research\/#breadcrumb"},"inLanguage":"fr-FR","potentialAction":[{"@type":"ReadAction","target":["https:\/\/vipresearchlab.ca\/fr\/research\/"]}]},{"@type":"BreadcrumbList","@id":"https:\/\/vipresearchlab.ca\/fr\/research\/#breadcrumb","itemListElement":[{"@type":"ListItem","position":1,"name":"Home","item":"https:\/\/vipresearchlab.ca\/fr\/"},{"@type":"ListItem","position":2,"name":"Programmes de recherche"}]},{"@type":"WebSite","@id":"https:\/\/vipresearchlab.ca\/fr\/#website","url":"https:\/\/vipresearchlab.ca\/fr\/","name":"VIP Research Lab","description":"Improving Healthcare for Vulnerable Individuals in Primary Care","potentialAction":[{"@type":"SearchAction","target":{"@type":"EntryPoint","urlTemplate":"https:\/\/vipresearchlab.ca\/fr\/?s={search_term_string}"},"query-input":{"@type":"PropertyValueSpecification","valueRequired":true,"valueName":"search_term_string"}}],"inLanguage":"fr-FR"}]}},"_links":{"self":[{"href":"https:\/\/vipresearchlab.ca\/fr\/wp-json\/wp\/v2\/pages\/605","targetHints":{"allow":["GET"]}}],"collection":[{"href":"https:\/\/vipresearchlab.ca\/fr\/wp-json\/wp\/v2\/pages"}],"about":[{"href":"https:\/\/vipresearchlab.ca\/fr\/wp-json\/wp\/v2\/types\/page"}],"author":[{"embeddable":true,"href":"https:\/\/vipresearchlab.ca\/fr\/wp-json\/wp\/v2\/users\/1"}],"replies":[{"embeddable":true,"href":"https:\/\/vipresearchlab.ca\/fr\/wp-json\/wp\/v2\/comments?post=605"}],"version-history":[{"count":7,"href":"https:\/\/vipresearchlab.ca\/fr\/wp-json\/wp\/v2\/pages\/605\/revisions"}],"predecessor-version":[{"id":1364,"href":"https:\/\/vipresearchlab.ca\/fr\/wp-json\/wp\/v2\/pages\/605\/revisions\/1364"}],"wp:attachment":[{"href":"https:\/\/vipresearchlab.ca\/fr\/wp-json\/wp\/v2\/media?parent=605"}],"curies":[{"name":"wp","href":"https:\/\/api.w.org\/{rel}","templated":true}]}}