{"id":592,"date":"2020-11-10T13:20:17","date_gmt":"2020-11-10T18:20:17","guid":{"rendered":"https:\/\/vipresearchlab.ca\/?page_id=592"},"modified":"2025-06-24T14:54:19","modified_gmt":"2025-06-24T18:54:19","slug":"students","status":"publish","type":"page","link":"https:\/\/vipresearchlab.ca\/fr\/students\/","title":{"rendered":"Students"},"content":{"rendered":"<div id=\"cs-content\" class=\"cs-content\"><\/div>\n","protected":false},"excerpt":{"rendered":"<p>\u00c9tudiantsManasvi Sai Vanama\u00c9tudiante MSPDurant mon stage de Ma\u00eetrise en sant\u00e9 publique (MSP), j\u2019ai eu le privil\u00e8ge de travailler au Laboratoire de recherche VIP avec l\u2019\u00e9quipe de la Dre Gina Agarwal. Mes int\u00e9r\u00eats de recherche portent sur la pr\u00e9vention des maladies chroniques en ciblant les facteurs de risque modifiables. Travailler sous la supervision de la Dre Agarwal a \u00e9t\u00e9 une exp\u00e9rience &#8230; <\/p>\n<div><a href=\"https:\/\/vipresearchlab.ca\/fr\/students\/\" class=\"more-link\">Read More<\/a><\/div>\n","protected":false},"author":1,"featured_media":0,"parent":0,"menu_order":0,"comment_status":"closed","ping_status":"closed","template":"template-blank-4.php","meta":{"_acf_changed":false,"footnotes":""},"class_list":["post-592","page","type-page","status-publish","hentry","no-post-thumbnail"],"acf":[],"yoast_head":"<!-- This site is optimized with the Yoast SEO plugin v23.8 - https:\/\/yoast.com\/wordpress\/plugins\/seo\/ -->\n<title>Students - VIP Research Lab<\/title>\n<meta name=\"robots\" content=\"index, follow, max-snippet:-1, max-image-preview:large, max-video-preview:-1\" \/>\n<link rel=\"canonical\" href=\"https:\/\/vipresearchlab.ca\/fr\/students\/\" \/>\n<meta property=\"og:locale\" content=\"fr_FR\" \/>\n<meta property=\"og:type\" content=\"article\" \/>\n<meta property=\"og:title\" content=\"Students - VIP Research Lab\" \/>\n<meta property=\"og:description\" content=\"\u00c9tudiantsManasvi Sai Vanama\u00c9tudiante MSPDurant mon stage de Ma\u00eetrise en sant\u00e9 publique (MSP), j\u2019ai eu le privil\u00e8ge de travailler au Laboratoire de recherche VIP avec l\u2019\u00e9quipe de la Dre Gina Agarwal. Mes int\u00e9r\u00eats de recherche portent sur la pr\u00e9vention des maladies chroniques en ciblant les facteurs de risque modifiables. Travailler sous la supervision de la Dre Agarwal a \u00e9t\u00e9 une exp\u00e9rience ... Read More\" \/>\n<meta property=\"og:url\" content=\"https:\/\/vipresearchlab.ca\/fr\/students\/\" \/>\n<meta property=\"og:site_name\" content=\"VIP Research Lab\" \/>\n<meta property=\"article:modified_time\" content=\"2025-06-24T18:54:19+00:00\" \/>\n<meta name=\"twitter:card\" content=\"summary_large_image\" \/>\n<meta name=\"twitter:label1\" content=\"Dur\u00e9e de lecture estim\u00e9e\" \/>\n\t<meta name=\"twitter:data1\" content=\"11 minutes\" \/>\n<script type=\"application\/ld+json\" class=\"yoast-schema-graph\">{\"@context\":\"https:\/\/schema.org\",\"@graph\":[{\"@type\":\"WebPage\",\"@id\":\"https:\/\/vipresearchlab.ca\/fr\/students\/\",\"url\":\"https:\/\/vipresearchlab.ca\/fr\/students\/\",\"name\":\"Students - VIP Research Lab\",\"isPartOf\":{\"@id\":\"https:\/\/vipresearchlab.ca\/fr\/#website\"},\"datePublished\":\"2020-11-10T18:20:17+00:00\",\"dateModified\":\"2025-06-24T18:54:19+00:00\",\"breadcrumb\":{\"@id\":\"https:\/\/vipresearchlab.ca\/fr\/students\/#breadcrumb\"},\"inLanguage\":\"fr-FR\",\"potentialAction\":[{\"@type\":\"ReadAction\",\"target\":[\"https:\/\/vipresearchlab.ca\/fr\/students\/\"]}]},{\"@type\":\"BreadcrumbList\",\"@id\":\"https:\/\/vipresearchlab.ca\/fr\/students\/#breadcrumb\",\"itemListElement\":[{\"@type\":\"ListItem\",\"position\":1,\"name\":\"Home\",\"item\":\"https:\/\/vipresearchlab.ca\/fr\/\"},{\"@type\":\"ListItem\",\"position\":2,\"name\":\"Students\"}]},{\"@type\":\"WebSite\",\"@id\":\"https:\/\/vipresearchlab.ca\/fr\/#website\",\"url\":\"https:\/\/vipresearchlab.ca\/fr\/\",\"name\":\"VIP Research Lab\",\"description\":\"Improving Healthcare for Vulnerable Individuals in Primary Care\",\"potentialAction\":[{\"@type\":\"SearchAction\",\"target\":{\"@type\":\"EntryPoint\",\"urlTemplate\":\"https:\/\/vipresearchlab.ca\/fr\/?s={search_term_string}\"},\"query-input\":{\"@type\":\"PropertyValueSpecification\",\"valueRequired\":true,\"valueName\":\"search_term_string\"}}],\"inLanguage\":\"fr-FR\"}]}<\/script>\n<!-- \/ Yoast SEO plugin. -->","yoast_head_json":{"title":"Students - VIP Research Lab","robots":{"index":"index","follow":"follow","max-snippet":"max-snippet:-1","max-image-preview":"max-image-preview:large","max-video-preview":"max-video-preview:-1"},"canonical":"https:\/\/vipresearchlab.ca\/fr\/students\/","og_locale":"fr_FR","og_type":"article","og_title":"Students - VIP Research Lab","og_description":"\u00c9tudiantsManasvi Sai Vanama\u00c9tudiante MSPDurant mon stage de Ma\u00eetrise en sant\u00e9 publique (MSP), j\u2019ai eu le privil\u00e8ge de travailler au Laboratoire de recherche VIP avec l\u2019\u00e9quipe de la Dre Gina Agarwal. Mes int\u00e9r\u00eats de recherche portent sur la pr\u00e9vention des maladies chroniques en ciblant les facteurs de risque modifiables. Travailler sous la supervision de la Dre Agarwal a \u00e9t\u00e9 une exp\u00e9rience ... Read More","og_url":"https:\/\/vipresearchlab.ca\/fr\/students\/","og_site_name":"VIP Research Lab","article_modified_time":"2025-06-24T18:54:19+00:00","twitter_card":"summary_large_image","twitter_misc":{"Dur\u00e9e de lecture estim\u00e9e":"11 minutes"},"schema":{"@context":"https:\/\/schema.org","@graph":[{"@type":"WebPage","@id":"https:\/\/vipresearchlab.ca\/fr\/students\/","url":"https:\/\/vipresearchlab.ca\/fr\/students\/","name":"Students - VIP Research Lab","isPartOf":{"@id":"https:\/\/vipresearchlab.ca\/fr\/#website"},"datePublished":"2020-11-10T18:20:17+00:00","dateModified":"2025-06-24T18:54:19+00:00","breadcrumb":{"@id":"https:\/\/vipresearchlab.ca\/fr\/students\/#breadcrumb"},"inLanguage":"fr-FR","potentialAction":[{"@type":"ReadAction","target":["https:\/\/vipresearchlab.ca\/fr\/students\/"]}]},{"@type":"BreadcrumbList","@id":"https:\/\/vipresearchlab.ca\/fr\/students\/#breadcrumb","itemListElement":[{"@type":"ListItem","position":1,"name":"Home","item":"https:\/\/vipresearchlab.ca\/fr\/"},{"@type":"ListItem","position":2,"name":"Students"}]},{"@type":"WebSite","@id":"https:\/\/vipresearchlab.ca\/fr\/#website","url":"https:\/\/vipresearchlab.ca\/fr\/","name":"VIP Research Lab","description":"Improving Healthcare for Vulnerable Individuals in Primary Care","potentialAction":[{"@type":"SearchAction","target":{"@type":"EntryPoint","urlTemplate":"https:\/\/vipresearchlab.ca\/fr\/?s={search_term_string}"},"query-input":{"@type":"PropertyValueSpecification","valueRequired":true,"valueName":"search_term_string"}}],"inLanguage":"fr-FR"}]}},"_links":{"self":[{"href":"https:\/\/vipresearchlab.ca\/fr\/wp-json\/wp\/v2\/pages\/592","targetHints":{"allow":["GET"]}}],"collection":[{"href":"https:\/\/vipresearchlab.ca\/fr\/wp-json\/wp\/v2\/pages"}],"about":[{"href":"https:\/\/vipresearchlab.ca\/fr\/wp-json\/wp\/v2\/types\/page"}],"author":[{"embeddable":true,"href":"https:\/\/vipresearchlab.ca\/fr\/wp-json\/wp\/v2\/users\/1"}],"replies":[{"embeddable":true,"href":"https:\/\/vipresearchlab.ca\/fr\/wp-json\/wp\/v2\/comments?post=592"}],"version-history":[{"count":5,"href":"https:\/\/vipresearchlab.ca\/fr\/wp-json\/wp\/v2\/pages\/592\/revisions"}],"predecessor-version":[{"id":1406,"href":"https:\/\/vipresearchlab.ca\/fr\/wp-json\/wp\/v2\/pages\/592\/revisions\/1406"}],"wp:attachment":[{"href":"https:\/\/vipresearchlab.ca\/fr\/wp-json\/wp\/v2\/media?parent=592"}],"curies":[{"name":"wp","href":"https:\/\/api.w.org\/{rel}","templated":true}]}}