{"id":579,"date":"2022-01-07T14:04:39","date_gmt":"2022-01-07T19:04:39","guid":{"rendered":"https:\/\/vipresearchlab.ca\/?page_id=579"},"modified":"2024-03-22T14:23:10","modified_gmt":"2024-03-22T18:23:10","slug":"members","status":"publish","type":"page","link":"https:\/\/vipresearchlab.ca\/fr\/members\/","title":{"rendered":"Members"},"content":{"rendered":"<div id=\"cs-content\" class=\"cs-content\"><\/div>\n","protected":false},"excerpt":{"rendered":"<p>MembresIwona BielskaMSc, PhD, PMPIwona Bielska est \u00e9pid\u00e9miologiste et professeure adjointe (\u00e0 temps partiel) au D\u00e9partement des m\u00e9thodes, des preuves et de l&#8217;impact de la recherche en sant\u00e9 (MPI) de la Facult\u00e9 des sciences de la sant\u00e9 de McMaster University. Elle a de l&#8217;exp\u00e9rience pour avoir travaill\u00e9 dans des milieux universitaires et gouvernementaux. Elle a compl\u00e9t\u00e9 une bourse de recherche postdoctorale &#8230; <\/p>\n<div><a href=\"https:\/\/vipresearchlab.ca\/fr\/members\/\" class=\"more-link\">Read More<\/a><\/div>\n","protected":false},"author":1,"featured_media":0,"parent":0,"menu_order":0,"comment_status":"closed","ping_status":"closed","template":"template-blank-4.php","meta":{"_acf_changed":false,"footnotes":""},"class_list":["post-579","page","type-page","status-publish","hentry","no-post-thumbnail"],"acf":[],"yoast_head":"<!-- This site is optimized with the Yoast SEO plugin v23.8 - https:\/\/yoast.com\/wordpress\/plugins\/seo\/ -->\n<title>Members - VIP Research Lab<\/title>\n<meta name=\"robots\" content=\"index, follow, max-snippet:-1, max-image-preview:large, max-video-preview:-1\" \/>\n<link rel=\"canonical\" href=\"https:\/\/vipresearchlab.ca\/fr\/members\/\" \/>\n<meta property=\"og:locale\" content=\"fr_FR\" \/>\n<meta property=\"og:type\" content=\"article\" \/>\n<meta property=\"og:title\" content=\"Members - VIP Research Lab\" \/>\n<meta property=\"og:description\" content=\"MembresIwona BielskaMSc, PhD, PMPIwona Bielska est \u00e9pid\u00e9miologiste et professeure adjointe (\u00e0 temps partiel) au D\u00e9partement des m\u00e9thodes, des preuves et de l&#039;impact de la recherche en sant\u00e9 (MPI) de la Facult\u00e9 des sciences de la sant\u00e9 de McMaster University. Elle a de l&#039;exp\u00e9rience pour avoir travaill\u00e9 dans des milieux universitaires et gouvernementaux. Elle a compl\u00e9t\u00e9 une bourse de recherche postdoctorale ... Read More\" \/>\n<meta property=\"og:url\" content=\"https:\/\/vipresearchlab.ca\/fr\/members\/\" \/>\n<meta property=\"og:site_name\" content=\"VIP Research Lab\" \/>\n<meta property=\"article:modified_time\" content=\"2024-03-22T18:23:10+00:00\" \/>\n<meta name=\"twitter:card\" content=\"summary_large_image\" \/>\n<meta name=\"twitter:label1\" content=\"Dur\u00e9e de lecture estim\u00e9e\" \/>\n\t<meta name=\"twitter:data1\" content=\"4 minutes\" \/>\n<script type=\"application\/ld+json\" class=\"yoast-schema-graph\">{\"@context\":\"https:\/\/schema.org\",\"@graph\":[{\"@type\":\"WebPage\",\"@id\":\"https:\/\/vipresearchlab.ca\/fr\/members\/\",\"url\":\"https:\/\/vipresearchlab.ca\/fr\/members\/\",\"name\":\"Members - VIP Research Lab\",\"isPartOf\":{\"@id\":\"https:\/\/vipresearchlab.ca\/fr\/#website\"},\"datePublished\":\"2022-01-07T19:04:39+00:00\",\"dateModified\":\"2024-03-22T18:23:10+00:00\",\"breadcrumb\":{\"@id\":\"https:\/\/vipresearchlab.ca\/fr\/members\/#breadcrumb\"},\"inLanguage\":\"fr-FR\",\"potentialAction\":[{\"@type\":\"ReadAction\",\"target\":[\"https:\/\/vipresearchlab.ca\/fr\/members\/\"]}]},{\"@type\":\"BreadcrumbList\",\"@id\":\"https:\/\/vipresearchlab.ca\/fr\/members\/#breadcrumb\",\"itemListElement\":[{\"@type\":\"ListItem\",\"position\":1,\"name\":\"Home\",\"item\":\"https:\/\/vipresearchlab.ca\/fr\/\"},{\"@type\":\"ListItem\",\"position\":2,\"name\":\"Members\"}]},{\"@type\":\"WebSite\",\"@id\":\"https:\/\/vipresearchlab.ca\/fr\/#website\",\"url\":\"https:\/\/vipresearchlab.ca\/fr\/\",\"name\":\"VIP Research Lab\",\"description\":\"Improving Healthcare for Vulnerable Individuals in Primary Care\",\"potentialAction\":[{\"@type\":\"SearchAction\",\"target\":{\"@type\":\"EntryPoint\",\"urlTemplate\":\"https:\/\/vipresearchlab.ca\/fr\/?s={search_term_string}\"},\"query-input\":{\"@type\":\"PropertyValueSpecification\",\"valueRequired\":true,\"valueName\":\"search_term_string\"}}],\"inLanguage\":\"fr-FR\"}]}<\/script>\n<!-- \/ Yoast SEO plugin. -->","yoast_head_json":{"title":"Members - VIP Research Lab","robots":{"index":"index","follow":"follow","max-snippet":"max-snippet:-1","max-image-preview":"max-image-preview:large","max-video-preview":"max-video-preview:-1"},"canonical":"https:\/\/vipresearchlab.ca\/fr\/members\/","og_locale":"fr_FR","og_type":"article","og_title":"Members - VIP Research Lab","og_description":"MembresIwona BielskaMSc, PhD, PMPIwona Bielska est \u00e9pid\u00e9miologiste et professeure adjointe (\u00e0 temps partiel) au D\u00e9partement des m\u00e9thodes, des preuves et de l'impact de la recherche en sant\u00e9 (MPI) de la Facult\u00e9 des sciences de la sant\u00e9 de McMaster University. Elle a de l'exp\u00e9rience pour avoir travaill\u00e9 dans des milieux universitaires et gouvernementaux. Elle a compl\u00e9t\u00e9 une bourse de recherche postdoctorale ... Read More","og_url":"https:\/\/vipresearchlab.ca\/fr\/members\/","og_site_name":"VIP Research Lab","article_modified_time":"2024-03-22T18:23:10+00:00","twitter_card":"summary_large_image","twitter_misc":{"Dur\u00e9e de lecture estim\u00e9e":"4 minutes"},"schema":{"@context":"https:\/\/schema.org","@graph":[{"@type":"WebPage","@id":"https:\/\/vipresearchlab.ca\/fr\/members\/","url":"https:\/\/vipresearchlab.ca\/fr\/members\/","name":"Members - VIP Research Lab","isPartOf":{"@id":"https:\/\/vipresearchlab.ca\/fr\/#website"},"datePublished":"2022-01-07T19:04:39+00:00","dateModified":"2024-03-22T18:23:10+00:00","breadcrumb":{"@id":"https:\/\/vipresearchlab.ca\/fr\/members\/#breadcrumb"},"inLanguage":"fr-FR","potentialAction":[{"@type":"ReadAction","target":["https:\/\/vipresearchlab.ca\/fr\/members\/"]}]},{"@type":"BreadcrumbList","@id":"https:\/\/vipresearchlab.ca\/fr\/members\/#breadcrumb","itemListElement":[{"@type":"ListItem","position":1,"name":"Home","item":"https:\/\/vipresearchlab.ca\/fr\/"},{"@type":"ListItem","position":2,"name":"Members"}]},{"@type":"WebSite","@id":"https:\/\/vipresearchlab.ca\/fr\/#website","url":"https:\/\/vipresearchlab.ca\/fr\/","name":"VIP Research Lab","description":"Improving Healthcare for Vulnerable Individuals in Primary Care","potentialAction":[{"@type":"SearchAction","target":{"@type":"EntryPoint","urlTemplate":"https:\/\/vipresearchlab.ca\/fr\/?s={search_term_string}"},"query-input":{"@type":"PropertyValueSpecification","valueRequired":true,"valueName":"search_term_string"}}],"inLanguage":"fr-FR"}]}},"_links":{"self":[{"href":"https:\/\/vipresearchlab.ca\/fr\/wp-json\/wp\/v2\/pages\/579","targetHints":{"allow":["GET"]}}],"collection":[{"href":"https:\/\/vipresearchlab.ca\/fr\/wp-json\/wp\/v2\/pages"}],"about":[{"href":"https:\/\/vipresearchlab.ca\/fr\/wp-json\/wp\/v2\/types\/page"}],"author":[{"embeddable":true,"href":"https:\/\/vipresearchlab.ca\/fr\/wp-json\/wp\/v2\/users\/1"}],"replies":[{"embeddable":true,"href":"https:\/\/vipresearchlab.ca\/fr\/wp-json\/wp\/v2\/comments?post=579"}],"version-history":[{"count":3,"href":"https:\/\/vipresearchlab.ca\/fr\/wp-json\/wp\/v2\/pages\/579\/revisions"}],"predecessor-version":[{"id":1076,"href":"https:\/\/vipresearchlab.ca\/fr\/wp-json\/wp\/v2\/pages\/579\/revisions\/1076"}],"wp:attachment":[{"href":"https:\/\/vipresearchlab.ca\/fr\/wp-json\/wp\/v2\/media?parent=579"}],"curies":[{"name":"wp","href":"https:\/\/api.w.org\/{rel}","templated":true}]}}