{"id":577,"date":"2022-02-22T16:08:28","date_gmt":"2022-02-22T21:08:28","guid":{"rendered":"https:\/\/vipresearchlab.ca\/?page_id=577"},"modified":"2024-11-01T14:47:06","modified_gmt":"2024-11-01T18:47:06","slug":"cpatclinic","status":"publish","type":"page","link":"https:\/\/vipresearchlab.ca\/fr\/cpatclinic\/","title":{"rendered":"PC@clinique"},"content":{"rendered":"<div id=\"cs-content\" class=\"cs-content\"><\/div>\n","protected":false},"excerpt":{"rendered":"<p>Param\u00e9decine CommunautaireProgramme de param\u00e9decine communautaire \u00e0 la clinique (PC@clinique)Le programme PC@clinique a \u00e9t\u00e9 d\u00e9velopp\u00e9 pour aider \u00e0 garder les personnes \u00e2g\u00e9es \u00e0 faible revenu en bonne sant\u00e9 \u00e0 la maison et aider \u00e0 r\u00e9duire les appels \u00e9vitables au 911. Les param\u00e9dics communautaires (PC) assument un nouveau r\u00f4le de soins non urgents et rendent visite aux personnes \u00e2g\u00e9es dans les salles &#8230; <\/p>\n<div><a href=\"https:\/\/vipresearchlab.ca\/fr\/cpatclinic\/\" class=\"more-link\">Read More<\/a><\/div>\n","protected":false},"author":1,"featured_media":0,"parent":0,"menu_order":0,"comment_status":"closed","ping_status":"closed","template":"template-blank-4.php","meta":{"_acf_changed":false,"footnotes":""},"class_list":["post-577","page","type-page","status-publish","hentry","no-post-thumbnail"],"acf":[],"yoast_head":"<!-- This site is optimized with the Yoast SEO plugin v23.8 - https:\/\/yoast.com\/wordpress\/plugins\/seo\/ -->\n<title>PC@clinique - VIP Research Lab<\/title>\n<meta name=\"robots\" content=\"index, follow, max-snippet:-1, max-image-preview:large, max-video-preview:-1\" \/>\n<link rel=\"canonical\" href=\"https:\/\/vipresearchlab.ca\/fr\/cpatclinic\/\" \/>\n<meta property=\"og:locale\" content=\"fr_FR\" \/>\n<meta property=\"og:type\" content=\"article\" \/>\n<meta property=\"og:title\" content=\"PC@clinique - VIP Research Lab\" \/>\n<meta property=\"og:description\" content=\"Param\u00e9decine CommunautaireProgramme de param\u00e9decine communautaire \u00e0 la clinique (PC@clinique)Le programme PC@clinique a \u00e9t\u00e9 d\u00e9velopp\u00e9 pour aider \u00e0 garder les personnes \u00e2g\u00e9es \u00e0 faible revenu en bonne sant\u00e9 \u00e0 la maison et aider \u00e0 r\u00e9duire les appels \u00e9vitables au 911. Les param\u00e9dics communautaires (PC) assument un nouveau r\u00f4le de soins non urgents et rendent visite aux personnes \u00e2g\u00e9es dans les salles ... Read More\" \/>\n<meta property=\"og:url\" content=\"https:\/\/vipresearchlab.ca\/fr\/cpatclinic\/\" \/>\n<meta property=\"og:site_name\" content=\"VIP Research Lab\" \/>\n<meta property=\"article:modified_time\" content=\"2024-11-01T18:47:06+00:00\" \/>\n<meta name=\"twitter:card\" content=\"summary_large_image\" \/>\n<meta name=\"twitter:label1\" content=\"Dur\u00e9e de lecture estim\u00e9e\" \/>\n\t<meta name=\"twitter:data1\" content=\"7 minutes\" \/>\n<script type=\"application\/ld+json\" class=\"yoast-schema-graph\">{\"@context\":\"https:\/\/schema.org\",\"@graph\":[{\"@type\":\"WebPage\",\"@id\":\"https:\/\/vipresearchlab.ca\/fr\/cpatclinic\/\",\"url\":\"https:\/\/vipresearchlab.ca\/fr\/cpatclinic\/\",\"name\":\"PC@clinique - VIP Research Lab\",\"isPartOf\":{\"@id\":\"https:\/\/vipresearchlab.ca\/fr\/#website\"},\"datePublished\":\"2022-02-22T21:08:28+00:00\",\"dateModified\":\"2024-11-01T18:47:06+00:00\",\"breadcrumb\":{\"@id\":\"https:\/\/vipresearchlab.ca\/fr\/cpatclinic\/#breadcrumb\"},\"inLanguage\":\"fr-FR\",\"potentialAction\":[{\"@type\":\"ReadAction\",\"target\":[\"https:\/\/vipresearchlab.ca\/fr\/cpatclinic\/\"]}]},{\"@type\":\"BreadcrumbList\",\"@id\":\"https:\/\/vipresearchlab.ca\/fr\/cpatclinic\/#breadcrumb\",\"itemListElement\":[{\"@type\":\"ListItem\",\"position\":1,\"name\":\"Home\",\"item\":\"https:\/\/vipresearchlab.ca\/fr\/\"},{\"@type\":\"ListItem\",\"position\":2,\"name\":\"PC@clinique\"}]},{\"@type\":\"WebSite\",\"@id\":\"https:\/\/vipresearchlab.ca\/fr\/#website\",\"url\":\"https:\/\/vipresearchlab.ca\/fr\/\",\"name\":\"VIP Research Lab\",\"description\":\"Improving Healthcare for Vulnerable Individuals in Primary Care\",\"potentialAction\":[{\"@type\":\"SearchAction\",\"target\":{\"@type\":\"EntryPoint\",\"urlTemplate\":\"https:\/\/vipresearchlab.ca\/fr\/?s={search_term_string}\"},\"query-input\":{\"@type\":\"PropertyValueSpecification\",\"valueRequired\":true,\"valueName\":\"search_term_string\"}}],\"inLanguage\":\"fr-FR\"}]}<\/script>\n<!-- \/ Yoast SEO plugin. -->","yoast_head_json":{"title":"PC@clinique - VIP Research Lab","robots":{"index":"index","follow":"follow","max-snippet":"max-snippet:-1","max-image-preview":"max-image-preview:large","max-video-preview":"max-video-preview:-1"},"canonical":"https:\/\/vipresearchlab.ca\/fr\/cpatclinic\/","og_locale":"fr_FR","og_type":"article","og_title":"PC@clinique - VIP Research Lab","og_description":"Param\u00e9decine CommunautaireProgramme de param\u00e9decine communautaire \u00e0 la clinique (PC@clinique)Le programme PC@clinique a \u00e9t\u00e9 d\u00e9velopp\u00e9 pour aider \u00e0 garder les personnes \u00e2g\u00e9es \u00e0 faible revenu en bonne sant\u00e9 \u00e0 la maison et aider \u00e0 r\u00e9duire les appels \u00e9vitables au 911. Les param\u00e9dics communautaires (PC) assument un nouveau r\u00f4le de soins non urgents et rendent visite aux personnes \u00e2g\u00e9es dans les salles ... Read More","og_url":"https:\/\/vipresearchlab.ca\/fr\/cpatclinic\/","og_site_name":"VIP Research Lab","article_modified_time":"2024-11-01T18:47:06+00:00","twitter_card":"summary_large_image","twitter_misc":{"Dur\u00e9e de lecture estim\u00e9e":"7 minutes"},"schema":{"@context":"https:\/\/schema.org","@graph":[{"@type":"WebPage","@id":"https:\/\/vipresearchlab.ca\/fr\/cpatclinic\/","url":"https:\/\/vipresearchlab.ca\/fr\/cpatclinic\/","name":"PC@clinique - VIP Research Lab","isPartOf":{"@id":"https:\/\/vipresearchlab.ca\/fr\/#website"},"datePublished":"2022-02-22T21:08:28+00:00","dateModified":"2024-11-01T18:47:06+00:00","breadcrumb":{"@id":"https:\/\/vipresearchlab.ca\/fr\/cpatclinic\/#breadcrumb"},"inLanguage":"fr-FR","potentialAction":[{"@type":"ReadAction","target":["https:\/\/vipresearchlab.ca\/fr\/cpatclinic\/"]}]},{"@type":"BreadcrumbList","@id":"https:\/\/vipresearchlab.ca\/fr\/cpatclinic\/#breadcrumb","itemListElement":[{"@type":"ListItem","position":1,"name":"Home","item":"https:\/\/vipresearchlab.ca\/fr\/"},{"@type":"ListItem","position":2,"name":"PC@clinique"}]},{"@type":"WebSite","@id":"https:\/\/vipresearchlab.ca\/fr\/#website","url":"https:\/\/vipresearchlab.ca\/fr\/","name":"VIP Research Lab","description":"Improving Healthcare for Vulnerable Individuals in Primary Care","potentialAction":[{"@type":"SearchAction","target":{"@type":"EntryPoint","urlTemplate":"https:\/\/vipresearchlab.ca\/fr\/?s={search_term_string}"},"query-input":{"@type":"PropertyValueSpecification","valueRequired":true,"valueName":"search_term_string"}}],"inLanguage":"fr-FR"}]}},"_links":{"self":[{"href":"https:\/\/vipresearchlab.ca\/fr\/wp-json\/wp\/v2\/pages\/577","targetHints":{"allow":["GET"]}}],"collection":[{"href":"https:\/\/vipresearchlab.ca\/fr\/wp-json\/wp\/v2\/pages"}],"about":[{"href":"https:\/\/vipresearchlab.ca\/fr\/wp-json\/wp\/v2\/types\/page"}],"author":[{"embeddable":true,"href":"https:\/\/vipresearchlab.ca\/fr\/wp-json\/wp\/v2\/users\/1"}],"replies":[{"embeddable":true,"href":"https:\/\/vipresearchlab.ca\/fr\/wp-json\/wp\/v2\/comments?post=577"}],"version-history":[{"count":6,"href":"https:\/\/vipresearchlab.ca\/fr\/wp-json\/wp\/v2\/pages\/577\/revisions"}],"predecessor-version":[{"id":1288,"href":"https:\/\/vipresearchlab.ca\/fr\/wp-json\/wp\/v2\/pages\/577\/revisions\/1288"}],"wp:attachment":[{"href":"https:\/\/vipresearchlab.ca\/fr\/wp-json\/wp\/v2\/media?parent=577"}],"curies":[{"name":"wp","href":"https:\/\/api.w.org\/{rel}","templated":true}]}}