{"id":463,"date":"2020-11-10T13:21:07","date_gmt":"2020-11-10T18:21:07","guid":{"rendered":"https:\/\/vipresearchlab.ca\/?page_id=463"},"modified":"2024-11-04T16:12:50","modified_gmt":"2024-11-04T21:12:50","slug":"contact","status":"publish","type":"page","link":"https:\/\/vipresearchlab.ca\/fr\/contact\/","title":{"rendered":"Contact"},"content":{"rendered":"<div id=\"cs-content\" class=\"cs-content\"><\/div>\n","protected":false},"excerpt":{"rendered":"<p>ContactVeuillez utiliser le formulaire ci-dessous pour nous contacter. Nous sommes toujours heureux que des collaborateurs, des \u00e9tudiants, des partenaires ou des b\u00e9n\u00e9voles potentiels se fassent conna\u00eetre et ils sont les bienvenus.Veuillez activer JavaScript dans votre navigateur pour remplir ce formulaire.Nom *Organisation *Courriel *\u00c0 propos de *MessageMessageEnvoyer<\/p>\n","protected":false},"author":1,"featured_media":0,"parent":0,"menu_order":0,"comment_status":"closed","ping_status":"closed","template":"template-blank-4.php","meta":{"_acf_changed":false,"footnotes":""},"class_list":["post-463","page","type-page","status-publish","hentry","no-post-thumbnail"],"acf":[],"yoast_head":"<!-- This site is optimized with the Yoast SEO plugin v23.8 - https:\/\/yoast.com\/wordpress\/plugins\/seo\/ -->\n<title>Contact - VIP Research Lab<\/title>\n<meta name=\"robots\" content=\"index, follow, max-snippet:-1, max-image-preview:large, max-video-preview:-1\" \/>\n<link rel=\"canonical\" href=\"https:\/\/vipresearchlab.ca\/fr\/contact\/\" \/>\n<meta property=\"og:locale\" content=\"fr_FR\" \/>\n<meta property=\"og:type\" content=\"article\" \/>\n<meta property=\"og:title\" content=\"Contact - VIP Research Lab\" \/>\n<meta property=\"og:description\" content=\"ContactVeuillez utiliser le formulaire ci-dessous pour nous contacter. Nous sommes toujours heureux que des collaborateurs, des \u00e9tudiants, des partenaires ou des b\u00e9n\u00e9voles potentiels se fassent conna\u00eetre et ils sont les bienvenus.Veuillez activer JavaScript dans votre navigateur pour remplir ce formulaire.Nom *Organisation *Courriel *\u00c0 propos de *MessageMessageEnvoyer\" \/>\n<meta property=\"og:url\" content=\"https:\/\/vipresearchlab.ca\/fr\/contact\/\" \/>\n<meta property=\"og:site_name\" content=\"VIP Research Lab\" \/>\n<meta property=\"article:modified_time\" content=\"2024-11-04T21:12:50+00:00\" \/>\n<meta name=\"twitter:card\" content=\"summary_large_image\" \/>\n<meta name=\"twitter:label1\" content=\"Dur\u00e9e de lecture estim\u00e9e\" \/>\n\t<meta name=\"twitter:data1\" content=\"1 minute\" \/>\n<script type=\"application\/ld+json\" class=\"yoast-schema-graph\">{\"@context\":\"https:\/\/schema.org\",\"@graph\":[{\"@type\":\"WebPage\",\"@id\":\"https:\/\/vipresearchlab.ca\/fr\/contact\/\",\"url\":\"https:\/\/vipresearchlab.ca\/fr\/contact\/\",\"name\":\"Contact - VIP Research Lab\",\"isPartOf\":{\"@id\":\"https:\/\/vipresearchlab.ca\/fr\/#website\"},\"datePublished\":\"2020-11-10T18:21:07+00:00\",\"dateModified\":\"2024-11-04T21:12:50+00:00\",\"breadcrumb\":{\"@id\":\"https:\/\/vipresearchlab.ca\/fr\/contact\/#breadcrumb\"},\"inLanguage\":\"fr-FR\",\"potentialAction\":[{\"@type\":\"ReadAction\",\"target\":[\"https:\/\/vipresearchlab.ca\/fr\/contact\/\"]}]},{\"@type\":\"BreadcrumbList\",\"@id\":\"https:\/\/vipresearchlab.ca\/fr\/contact\/#breadcrumb\",\"itemListElement\":[{\"@type\":\"ListItem\",\"position\":1,\"name\":\"Home\",\"item\":\"https:\/\/vipresearchlab.ca\/fr\/\"},{\"@type\":\"ListItem\",\"position\":2,\"name\":\"Contact\"}]},{\"@type\":\"WebSite\",\"@id\":\"https:\/\/vipresearchlab.ca\/fr\/#website\",\"url\":\"https:\/\/vipresearchlab.ca\/fr\/\",\"name\":\"VIP Research Lab\",\"description\":\"Improving Healthcare for Vulnerable Individuals in Primary Care\",\"potentialAction\":[{\"@type\":\"SearchAction\",\"target\":{\"@type\":\"EntryPoint\",\"urlTemplate\":\"https:\/\/vipresearchlab.ca\/fr\/?s={search_term_string}\"},\"query-input\":{\"@type\":\"PropertyValueSpecification\",\"valueRequired\":true,\"valueName\":\"search_term_string\"}}],\"inLanguage\":\"fr-FR\"}]}<\/script>\n<!-- \/ Yoast SEO plugin. -->","yoast_head_json":{"title":"Contact - VIP Research Lab","robots":{"index":"index","follow":"follow","max-snippet":"max-snippet:-1","max-image-preview":"max-image-preview:large","max-video-preview":"max-video-preview:-1"},"canonical":"https:\/\/vipresearchlab.ca\/fr\/contact\/","og_locale":"fr_FR","og_type":"article","og_title":"Contact - VIP Research Lab","og_description":"ContactVeuillez utiliser le formulaire ci-dessous pour nous contacter. Nous sommes toujours heureux que des collaborateurs, des \u00e9tudiants, des partenaires ou des b\u00e9n\u00e9voles potentiels se fassent conna\u00eetre et ils sont les bienvenus.Veuillez activer JavaScript dans votre navigateur pour remplir ce formulaire.Nom *Organisation *Courriel *\u00c0 propos de *MessageMessageEnvoyer","og_url":"https:\/\/vipresearchlab.ca\/fr\/contact\/","og_site_name":"VIP Research Lab","article_modified_time":"2024-11-04T21:12:50+00:00","twitter_card":"summary_large_image","twitter_misc":{"Dur\u00e9e de lecture estim\u00e9e":"1 minute"},"schema":{"@context":"https:\/\/schema.org","@graph":[{"@type":"WebPage","@id":"https:\/\/vipresearchlab.ca\/fr\/contact\/","url":"https:\/\/vipresearchlab.ca\/fr\/contact\/","name":"Contact - VIP Research Lab","isPartOf":{"@id":"https:\/\/vipresearchlab.ca\/fr\/#website"},"datePublished":"2020-11-10T18:21:07+00:00","dateModified":"2024-11-04T21:12:50+00:00","breadcrumb":{"@id":"https:\/\/vipresearchlab.ca\/fr\/contact\/#breadcrumb"},"inLanguage":"fr-FR","potentialAction":[{"@type":"ReadAction","target":["https:\/\/vipresearchlab.ca\/fr\/contact\/"]}]},{"@type":"BreadcrumbList","@id":"https:\/\/vipresearchlab.ca\/fr\/contact\/#breadcrumb","itemListElement":[{"@type":"ListItem","position":1,"name":"Home","item":"https:\/\/vipresearchlab.ca\/fr\/"},{"@type":"ListItem","position":2,"name":"Contact"}]},{"@type":"WebSite","@id":"https:\/\/vipresearchlab.ca\/fr\/#website","url":"https:\/\/vipresearchlab.ca\/fr\/","name":"VIP Research Lab","description":"Improving Healthcare for Vulnerable Individuals in Primary Care","potentialAction":[{"@type":"SearchAction","target":{"@type":"EntryPoint","urlTemplate":"https:\/\/vipresearchlab.ca\/fr\/?s={search_term_string}"},"query-input":{"@type":"PropertyValueSpecification","valueRequired":true,"valueName":"search_term_string"}}],"inLanguage":"fr-FR"}]}},"_links":{"self":[{"href":"https:\/\/vipresearchlab.ca\/fr\/wp-json\/wp\/v2\/pages\/463","targetHints":{"allow":["GET"]}}],"collection":[{"href":"https:\/\/vipresearchlab.ca\/fr\/wp-json\/wp\/v2\/pages"}],"about":[{"href":"https:\/\/vipresearchlab.ca\/fr\/wp-json\/wp\/v2\/types\/page"}],"author":[{"embeddable":true,"href":"https:\/\/vipresearchlab.ca\/fr\/wp-json\/wp\/v2\/users\/1"}],"replies":[{"embeddable":true,"href":"https:\/\/vipresearchlab.ca\/fr\/wp-json\/wp\/v2\/comments?post=463"}],"version-history":[{"count":7,"href":"https:\/\/vipresearchlab.ca\/fr\/wp-json\/wp\/v2\/pages\/463\/revisions"}],"predecessor-version":[{"id":1359,"href":"https:\/\/vipresearchlab.ca\/fr\/wp-json\/wp\/v2\/pages\/463\/revisions\/1359"}],"wp:attachment":[{"href":"https:\/\/vipresearchlab.ca\/fr\/wp-json\/wp\/v2\/media?parent=463"}],"curies":[{"name":"wp","href":"https:\/\/api.w.org\/{rel}","templated":true}]}}